{"id":5050,"date":"2025-08-17T00:22:59","date_gmt":"2025-08-17T04:22:59","guid":{"rendered":"https:\/\/flakybakery.ca\/?post_type=product&#038;p=5050"},"modified":"2026-02-12T08:40:32","modified_gmt":"2026-02-12T12:40:32","slug":"partykit-classico","status":"publish","type":"product","link":"https:\/\/www.flakybakery.ca\/en\/product\/partykit-classico\/","title":{"rendered":"teste"},"content":{"rendered":"<p data-start=\"141\" data-end=\"190\">\ud83c\udf89 <strong data-start=\"144\" data-end=\"185\">Kit Festa Cl\u00e1ssico \u2013 Serve 10 pessoas<\/strong> \ud83c\udf89<\/p>\n<p data-start=\"192\" data-end=\"266\">Um kit completo, pr\u00e1tico e delicioso para a sua comemora\u00e7\u00e3o! Ele inclui:<\/p>\n<p data-start=\"268\" data-end=\"531\">\ud83c\udf70 <strong data-start=\"271\" data-end=\"295\">1 Bolo Naked (15 cm)<\/strong> \u2013 recheado e decorado no estilo r\u00fastico, pronto para ser o destaque da mesa.<br data-start=\"372\" data-end=\"375\" \/>\ud83e\udd5f <strong data-start=\"378\" data-end=\"396\">50 Salgadinhos<\/strong> \u2013 voc\u00ea escolhe o sabor que mais combina com a sua festa.<br data-start=\"453\" data-end=\"456\" \/>\ud83c\udf6c <strong data-start=\"459\" data-end=\"474\">50 Docinhos<\/strong> \u2013 escolha seus preferidos entre as op\u00e7\u00f5es dispon\u00edveis.<\/p>","protected":false},"excerpt":{"rendered":"<p>Monte sua festa do seu jeito: escolha bolo, salgados e docinhos.<\/p>","protected":false},"featured_media":5051,"template":"","meta":[],"product_brand":[],"product_cat":[93],"product_tag":[],"class_list":{"0":"post-5050","1":"product","2":"type-product","3":"status-publish","4":"has-post-thumbnail","6":"product_cat-brazilian-party-kits","8":"first","9":"instock","10":"sale","11":"shipping-taxable","12":"purchasable","13":"product-type-simple"},"_links":{"self":[{"href":"https:\/\/www.flakybakery.ca\/en\/wp-json\/wp\/v2\/product\/5050","targetHints":{"allow":["GET"]}}],"collection":[{"href":"https:\/\/www.flakybakery.ca\/en\/wp-json\/wp\/v2\/product"}],"about":[{"href":"https:\/\/www.flakybakery.ca\/en\/wp-json\/wp\/v2\/types\/product"}],"wp:featuredmedia":[{"embeddable":true,"href":"https:\/\/www.flakybakery.ca\/en\/wp-json\/wp\/v2\/media\/5051"}],"wp:attachment":[{"href":"https:\/\/www.flakybakery.ca\/en\/wp-json\/wp\/v2\/media?parent=5050"}],"wp:term":[{"taxonomy":"product_brand","embeddable":true,"href":"https:\/\/www.flakybakery.ca\/en\/wp-json\/wp\/v2\/product_brand?post=5050"},{"taxonomy":"product_cat","embeddable":true,"href":"https:\/\/www.flakybakery.ca\/en\/wp-json\/wp\/v2\/product_cat?post=5050"},{"taxonomy":"product_tag","embeddable":true,"href":"https:\/\/www.flakybakery.ca\/en\/wp-json\/wp\/v2\/product_tag?post=5050"}],"curies":[{"name":"wp","href":"https:\/\/api.w.org\/{rel}","templated":true}]}}